{"id":406,"date":"2018-08-03T11:19:42","date_gmt":"2018-08-03T11:19:42","guid":{"rendered":"http:\/\/web.mikado-ev.com\/?page_id=406"},"modified":"2018-10-30T15:14:29","modified_gmt":"2018-10-30T15:14:29","slug":"datenschutzerklaerung","status":"publish","type":"page","link":"https:\/\/mikado-ev.com\/?page_id=406","title":{"rendered":"Impressum"},"content":{"rendered":"<\/div><\/div><\/div><!-- close content main div --><\/div><\/div><div id='av_section_1' class='avia-section main_color avia-section-default avia-no-border-styling avia-bg-style-scroll   container_wrap fullsize' style = 'background-image: '  ><div class='container' ><div class='template-page content  av-content-full alpha units'><div class='post-entry post-entry-type-page post-entry-406'><div class='entry-content-wrapper clearfix'>\n<div class=\"flex_column av_one_fifth  flex_column_div av-zero-column-padding first  \" style='border-radius:0px; '><\/div><div class=\"flex_column av_two_third  flex_column_div av-zero-column-padding   \" style='border-radius:0px; '><p><div style='padding-bottom:10px; font-size:3vw;' class='av-special-heading av-special-heading-h1  blockquote modern-quote modern-centered   av-inherit-size '><h1 class='av-special-heading-tag '  itemprop=\"headline\"  >Impressum<\/h1><div class='special-heading-border'><div class='special-heading-inner-border' ><\/div><\/div><\/div><br \/>\n<div  class='hr hr-default  '><span class='hr-inner ' ><span class='hr-inner-style'><\/span><\/span><\/div><br \/>\n<section class=\"av_textblock_section \"  itemscope=\"itemscope\" itemtype=\"https:\/\/schema.org\/CreativeWork\" ><div class='avia_textblock  '   itemprop=\"text\" ><h1><\/h1>\n<h2>Angaben gem\u00e4\u00df \u00a7 5 TMG<\/h2>\n<p>mikado e.V.<br \/>\nSteinsdorfstr. 19<br \/>\n80538 M\u00fcnchen<\/p>\n<p><strong>Vertreten durch den Vorstand:<br \/>\n<\/strong>Dominik Seitz (Vorsitzender), Rechtsanwalt und Fachanwalt f\u00fcr Verwaltungsrecht<\/p>\n<div class=\"\">Sabina Mustica, Regional Vice President, Salesforce<\/div>\n<div>\n<p>Wiebke Reuter, Leitende Ministerialr\u00e4tin, Bayerisches Staatsministerium f\u00fcr Familie, Arbeit und Soziales<\/p>\n<\/div>\n<p class=\"Text\"><strong>F\u00fcr den Inhalt verantwortlich:<br \/>\n<\/strong>Manuela Kastenmeier, Gesch\u00e4ftsf\u00fchrerin mikado e.V.<\/p>\n<h2>Kontakt<\/h2>\n<p>Telefon: 089 \/ 31 53 289<br \/>\nE-Mail: info@mikado-ev.de<\/p>\n<h2>Haftung f\u00fcr Inhalte<\/h2>\n<p>Als Diensteanbieter sind wir gem\u00e4\u00df \u00a7 7 Abs.1 TMG f\u00fcr eigene Inhalte auf diesen Seiten nach den allgemeinen Gesetzen verantwortlich. Nach \u00a7\u00a7 8 bis 10 TMG sind wir als Diensteanbieter jedoch nicht verpflichtet, \u00fcbermittelte oder gespeicherte fremde Informationen zu \u00fcberwachen oder nach Umst\u00e4nden zu forschen, die auf eine rechtswidrige T\u00e4tigkeit hinweisen.<\/p>\n<p>Verpflichtungen zur Entfernung oder Sperrung der Nutzung von Informationen nach den allgemeinen Gesetzen bleiben hiervon unber\u00fchrt. Eine diesbez\u00fcgliche Haftung ist jedoch erst ab dem Zeitpunkt der Kenntnis einer konkreten Rechtsverletzung m\u00f6glich. Bei Bekanntwerden von entsprechenden Rechtsverletzungen werden wir diese Inhalte umgehend entfernen.<\/p>\n<h2>Gestaltung und Programmierung<\/h2>\n<p>Thomas Brand<br \/>\n<a href=\"mailto:thomas@brand4.com\">thomas@brand4.com<\/a><br \/>\n<a href=\"http:\/\/www.brand4.com\">brand4.com<\/a><br \/>\n<a href=\"http:\/\/www.brand4art.com\">brand4art.com<\/a><\/p>\n<\/div><\/section><\/p><\/div>\n","protected":false},"excerpt":{"rendered":"","protected":false},"author":1,"featured_media":0,"parent":0,"menu_order":0,"comment_status":"closed","ping_status":"closed","template":"","meta":[],"yoast_head":"<!-- This site is optimized with the Yoast SEO plugin v20.9 - https:\/\/yoast.com\/wordpress\/plugins\/seo\/ -->\n<title>Impressum - mikado e.V. \u2013 Eltern auf Zeit<\/title>\n<meta name=\"robots\" content=\"index, follow, max-snippet:-1, max-image-preview:large, max-video-preview:-1\" \/>\n<link rel=\"canonical\" href=\"http:\/\/mikado-ev.com\/?page_id=406\" \/>\n<meta property=\"og:locale\" content=\"de_DE\" \/>\n<meta property=\"og:type\" content=\"article\" \/>\n<meta property=\"og:title\" content=\"Impressum - mikado e.V. \u2013 Eltern auf Zeit\" \/>\n<meta property=\"og:url\" content=\"http:\/\/mikado-ev.com\/?page_id=406\" \/>\n<meta property=\"og:site_name\" content=\"mikado e.V. \u2013 Eltern auf Zeit\" \/>\n<meta property=\"article:modified_time\" content=\"2018-10-30T15:14:29+00:00\" \/>\n<meta name=\"twitter:card\" content=\"summary_large_image\" \/>\n<meta name=\"twitter:label1\" content=\"Gesch\u00e4tzte Lesezeit\" \/>\n\t<meta name=\"twitter:data1\" content=\"3\u00a0Minuten\" \/>\n<script type=\"application\/ld+json\" class=\"yoast-schema-graph\">{\"@context\":\"https:\/\/schema.org\",\"@graph\":[{\"@type\":\"WebPage\",\"@id\":\"http:\/\/mikado-ev.com\/?page_id=406\",\"url\":\"http:\/\/mikado-ev.com\/?page_id=406\",\"name\":\"Impressum - mikado e.V. \u2013 Eltern auf Zeit\",\"isPartOf\":{\"@id\":\"https:\/\/mikado-ev.com\/#website\"},\"datePublished\":\"2018-08-03T11:19:42+00:00\",\"dateModified\":\"2018-10-30T15:14:29+00:00\",\"breadcrumb\":{\"@id\":\"http:\/\/mikado-ev.com\/?page_id=406#breadcrumb\"},\"inLanguage\":\"de\",\"potentialAction\":[{\"@type\":\"ReadAction\",\"target\":[\"http:\/\/mikado-ev.com\/?page_id=406\"]}]},{\"@type\":\"BreadcrumbList\",\"@id\":\"http:\/\/mikado-ev.com\/?page_id=406#breadcrumb\",\"itemListElement\":[{\"@type\":\"ListItem\",\"position\":1,\"name\":\"Startseite\",\"item\":\"https:\/\/mikado-ev.com\/\"},{\"@type\":\"ListItem\",\"position\":2,\"name\":\"Impressum\"}]},{\"@type\":\"WebSite\",\"@id\":\"https:\/\/mikado-ev.com\/#website\",\"url\":\"https:\/\/mikado-ev.com\/\",\"name\":\"mikado e.V. \u2013 Eltern auf Zeit\",\"description\":\"\",\"potentialAction\":[{\"@type\":\"SearchAction\",\"target\":{\"@type\":\"EntryPoint\",\"urlTemplate\":\"https:\/\/mikado-ev.com\/?s={search_term_string}\"},\"query-input\":\"required name=search_term_string\"}],\"inLanguage\":\"de\"}]}<\/script>\n<!-- \/ Yoast SEO plugin. -->","yoast_head_json":{"title":"Impressum - mikado e.V. \u2013 Eltern auf Zeit","robots":{"index":"index","follow":"follow","max-snippet":"max-snippet:-1","max-image-preview":"max-image-preview:large","max-video-preview":"max-video-preview:-1"},"canonical":"http:\/\/mikado-ev.com\/?page_id=406","og_locale":"de_DE","og_type":"article","og_title":"Impressum - mikado e.V. \u2013 Eltern auf Zeit","og_url":"http:\/\/mikado-ev.com\/?page_id=406","og_site_name":"mikado e.V. \u2013 Eltern auf Zeit","article_modified_time":"2018-10-30T15:14:29+00:00","twitter_card":"summary_large_image","twitter_misc":{"Gesch\u00e4tzte Lesezeit":"3\u00a0Minuten"},"schema":{"@context":"https:\/\/schema.org","@graph":[{"@type":"WebPage","@id":"http:\/\/mikado-ev.com\/?page_id=406","url":"http:\/\/mikado-ev.com\/?page_id=406","name":"Impressum - mikado e.V. \u2013 Eltern auf Zeit","isPartOf":{"@id":"https:\/\/mikado-ev.com\/#website"},"datePublished":"2018-08-03T11:19:42+00:00","dateModified":"2018-10-30T15:14:29+00:00","breadcrumb":{"@id":"http:\/\/mikado-ev.com\/?page_id=406#breadcrumb"},"inLanguage":"de","potentialAction":[{"@type":"ReadAction","target":["http:\/\/mikado-ev.com\/?page_id=406"]}]},{"@type":"BreadcrumbList","@id":"http:\/\/mikado-ev.com\/?page_id=406#breadcrumb","itemListElement":[{"@type":"ListItem","position":1,"name":"Startseite","item":"https:\/\/mikado-ev.com\/"},{"@type":"ListItem","position":2,"name":"Impressum"}]},{"@type":"WebSite","@id":"https:\/\/mikado-ev.com\/#website","url":"https:\/\/mikado-ev.com\/","name":"mikado e.V. \u2013 Eltern auf Zeit","description":"","potentialAction":[{"@type":"SearchAction","target":{"@type":"EntryPoint","urlTemplate":"https:\/\/mikado-ev.com\/?s={search_term_string}"},"query-input":"required name=search_term_string"}],"inLanguage":"de"}]}},"_links":{"self":[{"href":"https:\/\/mikado-ev.com\/index.php?rest_route=\/wp\/v2\/pages\/406"}],"collection":[{"href":"https:\/\/mikado-ev.com\/index.php?rest_route=\/wp\/v2\/pages"}],"about":[{"href":"https:\/\/mikado-ev.com\/index.php?rest_route=\/wp\/v2\/types\/page"}],"author":[{"embeddable":true,"href":"https:\/\/mikado-ev.com\/index.php?rest_route=\/wp\/v2\/users\/1"}],"replies":[{"embeddable":true,"href":"https:\/\/mikado-ev.com\/index.php?rest_route=%2Fwp%2Fv2%2Fcomments&post=406"}],"version-history":[{"count":15,"href":"https:\/\/mikado-ev.com\/index.php?rest_route=\/wp\/v2\/pages\/406\/revisions"}],"predecessor-version":[{"id":456,"href":"https:\/\/mikado-ev.com\/index.php?rest_route=\/wp\/v2\/pages\/406\/revisions\/456"}],"wp:attachment":[{"href":"https:\/\/mikado-ev.com\/index.php?rest_route=%2Fwp%2Fv2%2Fmedia&parent=406"}],"curies":[{"name":"wp","href":"https:\/\/api.w.org\/{rel}","templated":true}]}}